{"id":36,"date":"2020-07-31T10:30:22","date_gmt":"2020-07-31T10:30:22","guid":{"rendered":"https:\/\/www.auf-der-theta.de\/?page_id=36"},"modified":"2024-10-06T10:21:19","modified_gmt":"2024-10-06T10:21:19","slug":"wirtschaft","status":"publish","type":"page","link":"https:\/\/www.auf-der-theta.de\/index.php\/wirtschaft\/","title":{"rendered":"Wirtschaft"},"content":{"rendered":"\n<p class=\"has-text-align-center has-vivid-red-color has-text-color\">\u2764\ufe0fAm 1. MAI haben wir geschlossen\u2764\ufe0f<\/p>\n\n\n\n<p>\u2764\ufe0fVatertag ab 11 Uhr ge\u00f6ffnet\u2764\ufe0f<\/p>\n\n\n\n<p>\ud83e\udd70Pfingstsonntag und -montag und Frohnleichnam ab 11 Uhr ge\u00f6ffnet\u2764\ufe0f<\/p>\n\n\n\n<p class=\"has-text-align-center\"><strong> <\/strong><\/p>\n\n\n\n<p>Donnerstag und Freitag von 13 Uhr bis 21 Uhr<\/p>\n\n\n\n<p>Samstag von 11 Uhr bis 21 Uhr, Sonntag 11 Uhr bis 20 Uhr<\/p>\n\n\n\n<p><\/p>\n\n\n\n<p><\/p>\n\n\n\n<p><\/p>\n\n\n\n<p><\/p>\n\n\n\n<p class=\"has-text-align-center has-vivid-red-color has-text-color\"><\/p>\n\n\n\n<p><\/p>\n\n\n\n<p class=\"has-text-align-center has-vivid-red-color has-text-color\"><\/p>\n\n\n\n<h2 class=\"wp-block-heading\">Auf der Theta &#8211; unsere Gastwirtschaft in der N\u00e4he von Bayreuth<\/h2>\n\n\n\n<div class=\"alignnormal\"><div id=\"metaslider-id-399\" style=\"width: 100%;\" class=\"ml-slider-3-108-0 metaslider metaslider-flex metaslider-399 ml-slider has-dots-nav ms-theme-default\" role=\"region\" aria-label=\"innen\" data-height=\"300\" data-width=\"700\">\n    <div id=\"metaslider_container_399\">\n        <div id=\"metaslider_399\">\n            <ul class='slides'>\n                <li style=\"display: block; width: 100%;\" class=\"slide-403 ms-image \" aria-roledescription=\"slide\" data-date=\"2020-08-28 14:02:59\" data-filename=\"IMG_20200828_155641-scaled-700x300.jpg\" data-slide-type=\"image\"><img loading=\"lazy\" decoding=\"async\" src=\"https:\/\/www.auf-der-theta.de\/wp-content\/uploads\/2020\/08\/IMG_20200828_155641-scaled-700x300.jpg\" height=\"300\" width=\"700\" alt=\"Theta Gastraum\" class=\"slider-399 slide-403 msDefaultImage\" title=\"Gastraum\" \/><\/li>\n                <li style=\"display: none; width: 100%;\" class=\"slide-409 ms-image \" aria-roledescription=\"slide\" data-date=\"2020-08-28 14:07:19\" data-filename=\"32337111_1647521655283394_6199564272758947840_n-700x300.jpg\" data-slide-type=\"image\"><img loading=\"lazy\" decoding=\"async\" src=\"https:\/\/www.auf-der-theta.de\/wp-content\/uploads\/2020\/08\/32337111_1647521655283394_6199564272758947840_n-700x300.jpg\" height=\"300\" width=\"700\" alt=\"Buffet f\u00fcr Veranstaltungen\" class=\"slider-399 slide-409 msDefaultImage\" title=\"Buffet f\u00fcr Veranstaltungen\" \/><\/li>\n                <li style=\"display: none; width: 100%;\" class=\"slide-410 ms-image \" aria-roledescription=\"slide\" data-date=\"2020-08-28 14:07:22\" data-filename=\"IMG-20151115-WA0001-700x300.jpg\" data-slide-type=\"image\"><img loading=\"lazy\" decoding=\"async\" src=\"https:\/\/www.auf-der-theta.de\/wp-content\/uploads\/2020\/08\/IMG-20151115-WA0001-700x300.jpg\" height=\"300\" width=\"700\" alt=\"Theta Gans\" class=\"slider-399 slide-410 msDefaultImage\" title=\"Theta Gans\" \/><\/li>\n                <li style=\"display: none; width: 100%;\" class=\"slide-411 ms-image \" aria-roledescription=\"slide\" data-date=\"2020-08-28 14:07:42\" data-filename=\"IMG_20200828_155800-scaled-700x300.jpg\" data-slide-type=\"image\"><img loading=\"lazy\" decoding=\"async\" src=\"https:\/\/www.auf-der-theta.de\/wp-content\/uploads\/2020\/08\/IMG_20200828_155800-scaled-700x300.jpg\" height=\"300\" width=\"700\" alt=\"Theta Gastraum\" class=\"slider-399 slide-411 msDefaultImage\" title=\"Gastraum\" \/><\/li>\n                <li style=\"display: none; width: 100%;\" class=\"slide-417 ms-image \" aria-roledescription=\"slide\" data-date=\"2020-08-28 14:18:32\" data-filename=\"IMG_20200828_161338-scaled-700x300.jpg\" data-slide-type=\"image\"><img loading=\"lazy\" decoding=\"async\" src=\"https:\/\/www.auf-der-theta.de\/wp-content\/uploads\/2020\/08\/IMG_20200828_161338-scaled-700x300.jpg\" height=\"300\" width=\"700\" alt=\"Fr\u00e4nkisches Sch\u00e4ufele\" class=\"slider-399 slide-417 msDefaultImage\" title=\"Fr\u00e4nkisches Sch\u00e4ufele\" \/><\/li>\n            <\/ul>\n        <\/div>\n        \n    <\/div>\n<\/div><\/div>\n\n\n\n<p>Der Innenraum der Gastwirtschaft bietet bei schlechtem Wetter einen ebenso romantischen wie stimmungsvollen Ausweichplatz zum Biergarten.<\/p>\n\n\n\n<p>Unsere Gastwirtschaft befindet sich in einem ehemaligen Kuhstall mit b\u00f6hmischem Kappengew\u00f6lbe und verf\u00fcgt heute \u00fcber 50 Sitzpl\u00e4tze. Der Grundofen in der Mitte des Raumes sorgt f\u00fcr angenehme W\u00e4rme und Gem\u00fctlichkeit. <\/p>\n\n\n\n<p><\/p>\n\n\n\n<p>Sie k\u00f6nnen in unserem Gastraum gerne f\u00fcr private sowie gesch\u00e4ftliche Veranstaltungen reservieren, auch ihre Weihnachtsfeiern richten wir gerne aus. Dabei gehen wir selbstverst\u00e4ndlich auf Ihre pers\u00f6nlichen W\u00fcnsche in Bezug auf Dekoration und Speisen ein. Das gem\u00fctliche Ambiente in unserem Gastraum bietet auch f\u00fcr Familienfeiern eine tolle Atmosph\u00e4re.<\/p>\n\n\n\n<p>Im November und Dezember findet au\u00dferdem an den Wochenenden regelm\u00e4\u00dfig das Theta-Gansessen in unserer Gastwirtschaft statt. <\/p>\n\n\n\n<p><\/p>\n","protected":false},"excerpt":{"rendered":"<p>Auf der Theta &#8211; unsere Gastwirtschaft in der N\u00e4he von Bayreuth Der Innenraum der Gastwirtschaft bietet bei schlechtem Wetter einen ebenso romantischen wie stimmungsvollen Ausweichplatz zum Biergarten. Unsere Gastwirtschaft befindet sich in einem ehemaligen Kuhstall mit b\u00f6hmischem Kappengew\u00f6lbe und verf\u00fcgt heute \u00fcber 50 Sitzpl\u00e4tze. Der Grundofen in der Mitte des Raumes sorgt f\u00fcr angenehme W\u00e4rme [&hellip;]<\/p>\n","protected":false},"author":1,"featured_media":0,"parent":0,"menu_order":0,"comment_status":"closed","ping_status":"closed","template":"","meta":{"footnotes":""},"class_list":["post-36","page","type-page","status-publish","hentry"],"yoast_head":"<!-- This site is optimized with the Yoast SEO plugin v25.6 - https:\/\/yoast.com\/wordpress\/plugins\/seo\/ -->\n<title>Wirtschaft - Auf der Theta<\/title>\n<meta name=\"description\" content=\"Auf der Theta - Gastst\u00e4tte und Biergarten.\" \/>\n<meta name=\"robots\" content=\"index, follow, max-snippet:-1, max-image-preview:large, max-video-preview:-1\" \/>\n<link rel=\"canonical\" href=\"https:\/\/www.auf-der-theta.de\/index.php\/wirtschaft\/\" \/>\n<meta property=\"og:locale\" content=\"de_DE\" \/>\n<meta property=\"og:type\" content=\"article\" \/>\n<meta property=\"og:title\" content=\"Wirtschaft - Auf der Theta\" \/>\n<meta property=\"og:description\" content=\"Auf der Theta - Gastst\u00e4tte und Biergarten.\" \/>\n<meta property=\"og:url\" content=\"https:\/\/www.auf-der-theta.de\/index.php\/wirtschaft\/\" \/>\n<meta property=\"og:site_name\" content=\"Auf der Theta\" \/>\n<meta property=\"article:publisher\" content=\"http:\/\/www.facebook.com\/pages\/category\/Beer-Garden\/Auf-der-Theta-Gasthaus-Biergarten-151072028261705\/\" \/>\n<meta property=\"article:modified_time\" content=\"2024-10-06T10:21:19+00:00\" \/>\n<meta name=\"twitter:card\" content=\"summary_large_image\" \/>\n<meta name=\"twitter:label1\" content=\"Gesch\u00e4tzte Lesezeit\" \/>\n\t<meta name=\"twitter:data1\" content=\"2\u00a0Minuten\" \/>\n<script type=\"application\/ld+json\" class=\"yoast-schema-graph\">{\"@context\":\"https:\/\/schema.org\",\"@graph\":[{\"@type\":\"WebPage\",\"@id\":\"https:\/\/www.auf-der-theta.de\/index.php\/wirtschaft\/\",\"url\":\"https:\/\/www.auf-der-theta.de\/index.php\/wirtschaft\/\",\"name\":\"Wirtschaft - Auf der Theta\",\"isPartOf\":{\"@id\":\"https:\/\/www.auf-der-theta.de\/#website\"},\"datePublished\":\"2020-07-31T10:30:22+00:00\",\"dateModified\":\"2024-10-06T10:21:19+00:00\",\"description\":\"Auf der Theta - Gastst\u00e4tte und Biergarten.\",\"breadcrumb\":{\"@id\":\"https:\/\/www.auf-der-theta.de\/index.php\/wirtschaft\/#breadcrumb\"},\"inLanguage\":\"de\",\"potentialAction\":[{\"@type\":\"ReadAction\",\"target\":[\"https:\/\/www.auf-der-theta.de\/index.php\/wirtschaft\/\"]}]},{\"@type\":\"BreadcrumbList\",\"@id\":\"https:\/\/www.auf-der-theta.de\/index.php\/wirtschaft\/#breadcrumb\",\"itemListElement\":[{\"@type\":\"ListItem\",\"position\":1,\"name\":\"Startseite\",\"item\":\"https:\/\/www.auf-der-theta.de\/\"},{\"@type\":\"ListItem\",\"position\":2,\"name\":\"Wirtschaft\"}]},{\"@type\":\"WebSite\",\"@id\":\"https:\/\/www.auf-der-theta.de\/#website\",\"url\":\"https:\/\/www.auf-der-theta.de\/\",\"name\":\"Auf der Theta\",\"description\":\"Gasthaus und Biergarten\",\"potentialAction\":[{\"@type\":\"SearchAction\",\"target\":{\"@type\":\"EntryPoint\",\"urlTemplate\":\"https:\/\/www.auf-der-theta.de\/?s={search_term_string}\"},\"query-input\":{\"@type\":\"PropertyValueSpecification\",\"valueRequired\":true,\"valueName\":\"search_term_string\"}}],\"inLanguage\":\"de\"}]}<\/script>\n<!-- \/ Yoast SEO plugin. -->","yoast_head_json":{"title":"Wirtschaft - Auf der Theta","description":"Auf der Theta - Gastst\u00e4tte und Biergarten.","robots":{"index":"index","follow":"follow","max-snippet":"max-snippet:-1","max-image-preview":"max-image-preview:large","max-video-preview":"max-video-preview:-1"},"canonical":"https:\/\/www.auf-der-theta.de\/index.php\/wirtschaft\/","og_locale":"de_DE","og_type":"article","og_title":"Wirtschaft - Auf der Theta","og_description":"Auf der Theta - Gastst\u00e4tte und Biergarten.","og_url":"https:\/\/www.auf-der-theta.de\/index.php\/wirtschaft\/","og_site_name":"Auf der Theta","article_publisher":"http:\/\/www.facebook.com\/pages\/category\/Beer-Garden\/Auf-der-Theta-Gasthaus-Biergarten-151072028261705\/","article_modified_time":"2024-10-06T10:21:19+00:00","twitter_card":"summary_large_image","twitter_misc":{"Gesch\u00e4tzte Lesezeit":"2\u00a0Minuten"},"schema":{"@context":"https:\/\/schema.org","@graph":[{"@type":"WebPage","@id":"https:\/\/www.auf-der-theta.de\/index.php\/wirtschaft\/","url":"https:\/\/www.auf-der-theta.de\/index.php\/wirtschaft\/","name":"Wirtschaft - Auf der Theta","isPartOf":{"@id":"https:\/\/www.auf-der-theta.de\/#website"},"datePublished":"2020-07-31T10:30:22+00:00","dateModified":"2024-10-06T10:21:19+00:00","description":"Auf der Theta - Gastst\u00e4tte und Biergarten.","breadcrumb":{"@id":"https:\/\/www.auf-der-theta.de\/index.php\/wirtschaft\/#breadcrumb"},"inLanguage":"de","potentialAction":[{"@type":"ReadAction","target":["https:\/\/www.auf-der-theta.de\/index.php\/wirtschaft\/"]}]},{"@type":"BreadcrumbList","@id":"https:\/\/www.auf-der-theta.de\/index.php\/wirtschaft\/#breadcrumb","itemListElement":[{"@type":"ListItem","position":1,"name":"Startseite","item":"https:\/\/www.auf-der-theta.de\/"},{"@type":"ListItem","position":2,"name":"Wirtschaft"}]},{"@type":"WebSite","@id":"https:\/\/www.auf-der-theta.de\/#website","url":"https:\/\/www.auf-der-theta.de\/","name":"Auf der Theta","description":"Gasthaus und Biergarten","potentialAction":[{"@type":"SearchAction","target":{"@type":"EntryPoint","urlTemplate":"https:\/\/www.auf-der-theta.de\/?s={search_term_string}"},"query-input":{"@type":"PropertyValueSpecification","valueRequired":true,"valueName":"search_term_string"}}],"inLanguage":"de"}]}},"jetpack_sharing_enabled":true,"_links":{"self":[{"href":"https:\/\/www.auf-der-theta.de\/index.php\/wp-json\/wp\/v2\/pages\/36"}],"collection":[{"href":"https:\/\/www.auf-der-theta.de\/index.php\/wp-json\/wp\/v2\/pages"}],"about":[{"href":"https:\/\/www.auf-der-theta.de\/index.php\/wp-json\/wp\/v2\/types\/page"}],"author":[{"embeddable":true,"href":"https:\/\/www.auf-der-theta.de\/index.php\/wp-json\/wp\/v2\/users\/1"}],"replies":[{"embeddable":true,"href":"https:\/\/www.auf-der-theta.de\/index.php\/wp-json\/wp\/v2\/comments?post=36"}],"version-history":[{"count":22,"href":"https:\/\/www.auf-der-theta.de\/index.php\/wp-json\/wp\/v2\/pages\/36\/revisions"}],"predecessor-version":[{"id":729,"href":"https:\/\/www.auf-der-theta.de\/index.php\/wp-json\/wp\/v2\/pages\/36\/revisions\/729"}],"wp:attachment":[{"href":"https:\/\/www.auf-der-theta.de\/index.php\/wp-json\/wp\/v2\/media?parent=36"}],"curies":[{"name":"wp","href":"https:\/\/api.w.org\/{rel}","templated":true}]}}