{"id":72,"date":"2020-07-31T10:41:10","date_gmt":"2020-07-31T10:41:10","guid":{"rendered":"https:\/\/www.auf-der-theta.de\/?page_id=72"},"modified":"2026-05-04T13:36:17","modified_gmt":"2026-05-04T13:36:17","slug":"daheim","status":"publish","type":"page","link":"https:\/\/www.auf-der-theta.de\/","title":{"rendered":"Daheim"},"content":{"rendered":"\n<p class=\"has-text-align-center has-vivid-red-color has-text-color\">\u2764\ufe0f\u2764\ufe0f<\/p>\n\n\n\n<p>\u2764\ufe0fVatertag ab 11 Uhr ge\u00f6ffnet\u2764\ufe0f<\/p>\n\n\n\n<p>\ud83e\udd70Pfingstsonntag und -montag und Frohnleichnam ab 11 Uhr ge\u00f6ffnet\u2764\ufe0f<\/p>\n\n\n\n<p class=\"has-text-align-center\"><strong> <\/strong><\/p>\n\n\n\n<p>Donnerstag und Freitag von 13 Uhr bis 21 Uhr<\/p>\n\n\n\n<p>Samstag von 11 Uhr bis 21 Uhr, Sonntag 11 Uhr bis 20 Uhr<\/p>\n\n\n\n<p><\/p>\n\n\n\n<p><\/p>\n\n\n\n<p><\/p>\n\n\n\n<p><\/p>\n\n\n\n<p class=\"has-text-align-center has-vivid-red-color has-text-color\"><\/p>\n\n\n\n<p><\/p>\n\n\n\n<p class=\"has-text-align-center has-vivid-red-color has-text-color\"><\/p>\n\n\n<h2 class=\"fonts-plugin-block \" style=\"font-family: Lobster\">Auf der Theta &#8211; Gastst\u00e4tte und Biergarten<\/h2>\n\n\n<figure class=\"wp-block-image size-large\"><img loading=\"lazy\" decoding=\"async\" width=\"1024\" height=\"884\" src=\"https:\/\/www.auf-der-theta.de\/wp-content\/uploads\/2020\/08\/Versuch3_1-1024x884.png\" alt=\"\" class=\"wp-image-355\" srcset=\"https:\/\/www.auf-der-theta.de\/wp-content\/uploads\/2020\/08\/Versuch3_1-1024x884.png 1024w, https:\/\/www.auf-der-theta.de\/wp-content\/uploads\/2020\/08\/Versuch3_1-300x259.png 300w, https:\/\/www.auf-der-theta.de\/wp-content\/uploads\/2020\/08\/Versuch3_1-768x663.png 768w, https:\/\/www.auf-der-theta.de\/wp-content\/uploads\/2020\/08\/Versuch3_1-1536x1326.png 1536w, https:\/\/www.auf-der-theta.de\/wp-content\/uploads\/2020\/08\/Versuch3_1.png 2000w\" sizes=\"(max-width: 1024px) 100vw, 1024px\" \/><\/figure>\n\n\n\n<p>Hier k\u00f6nnen Sie sich wohlf\u00fchlen! In einer etwas anderen Welt &#8211; nur 3km von der Festspiel- und Universit\u00e4tstadt Bayreuth entfernt.<\/p>\n\n\n\n<p>Der ruhig gelegene Biergarten mit Gastwirtschaft Auf der Theta liegt in einem historischen Bauernhof aus dem Jahre 1827. Er wurde mit sehr viel Liebe und Auge f\u00fcrs Detail von uns renoviert. Wir f\u00fchren den Biergarten seit 1997 als Familienbetrieb und bieten Speisen der fr\u00e4nkischen K\u00fcche sowie gutes Bier und hausgemachte Brotzeiten an.<\/p>\n\n\n\n<p>Und wenn das Wetter mal nicht so sch\u00f6n sein sollte: In unserer Gastst\u00e4tte mit Gew\u00f6lbe k\u00f6nnen Sie auch im Winter und bei Regen das gem\u00fctliche Ambiente genie\u00dfen.<\/p>\n\n\n\n<p>Gerne richten wir auch Ihre Familien- und Weihnachtsfeiern aus! Ob Fisch, ob Fleisch, ob vegetarisch oder vegan &#8211; Alles ist machbar und wird aus regionalen Produkten frisch f\u00fcr Sie zubereitet!<\/p>\n\n\n\n<h3 class=\"wp-block-heading\">Hier finden Sie uns:<\/h3>\n\n\n\n<p>Auf der Theta<br>Hochtheta 6<br>95463 Bindlach<\/p>\n\n\n\n<p>Telefon: 09208 65361<\/p>\n\n\n<div id=\"wpgmza_map\" class=\"wpgmza_map\" data-settings='{\"id\":\"1\",\"map_title\":\"Theta\",\"map_width\":\"100\",\"map_height\":\"400\",\"map_start_lat\":\"49.985538\",\"map_start_lng\":\"11.558240\",\"map_start_location\":\"49.985537600472924,11.558240250620365\",\"map_start_zoom\":\"16\",\"default_marker\":\"0\",\"type\":\"1\",\"alignment\":\"4\",\"directions_enabled\":\"1\",\"styling_enabled\":\"0\",\"styling_json\":\"\",\"active\":\"0\",\"kml\":\"\",\"bicycle\":\"0\",\"traffic\":\"0\",\"dbox\":\"1\",\"dbox_width\":\"100\",\"listmarkers\":\"0\",\"listmarkers_advanced\":\"0\",\"filterbycat\":\"0\",\"ugm_enabled\":\"0\",\"ugm_category_enabled\":\"0\",\"fusion\":\"\",\"map_width_type\":\"\\\\%\",\"map_height_type\":\"px\",\"mass_marker_support\":\"1\",\"ugm_access\":\"0\",\"order_markers_by\":\"1\",\"order_markers_choice\":\"2\",\"show_user_location\":\"0\",\"default_to\":\"\",\"other_settings\":{\"store_locator_enabled\":2,\"store_locator_distance\":2,\"store_locator_default_radius\":10,\"store_locator_not_found_message\":\"No results found in this location. Please try again.\",\"store_locator_bounce\":1,\"store_locator_query_string\":\"ZIP \\\/ Address:\",\"store_locator_default_address\":\"\",\"wpgmza_store_locator_restrict\":\"\",\"wpgmza_store_locator_radius_style\":\"modern\",\"map_max_zoom\":\"1\",\"transport_layer\":0,\"wpgmza_show_points_of_interest\":0,\"wpgmza_auto_night\":0}}' data-map-id='1' Data-maps-engine='open-layers' data-shortcode-attributes='{\"id\":\"1\"}' style=\"display:block; overflow:auto; width:100%; height:400px; float:left;\"><\/div>\n\n\n\n<h3 class=\"wp-block-heading\">Unsere aktuellen \u00d6ffnungszeiten:<\/h3>\n\n\n\n<p>Donnerstag und Freitag von 13 Uhr bis 21 Uhr<\/p>\n\n\n\n<p>Samstag von 11 Uhr bis 21 Uhr, Sonntag 11 Uhr bis 20 Uhr<\/p>\n\n\n\n<p><\/p>\n\n\n\n<p><\/p>\n\n\n\n<p><\/p>\n\n\n\n<p>Am 1. Mai haben wir geschlossen! <\/p>\n\n\n\n<p>Durchgehend warme K\u00fcche, bis eine Stunde vor Ende<\/p>\n\n\n\n<p>Nur Barzahlung m\u00f6glich!<\/p>\n\n\n<div id=\"metaslider-id-116\" style=\"width: 100%;\" class=\"ml-slider-3-108-0 metaslider metaslider-flex metaslider-116 ml-slider has-dots-nav ms-theme-default\" role=\"region\" aria-label=\"au\u00dfen\" data-height=\"300\" data-width=\"700\">\n    <div id=\"metaslider_container_116\">\n        <div id=\"metaslider_116\">\n            <ul class='slides'>\n                <li style=\"display: block; width: 100%;\" class=\"slide-144 ms-image \" aria-roledescription=\"slide\" data-date=\"2020-08-03 14:37:18\" data-filename=\"IMG_1285-700x300.jpg\" data-slide-type=\"image\"><img loading=\"lazy\" decoding=\"async\" src=\"https:\/\/www.auf-der-theta.de\/wp-content\/uploads\/2020\/08\/IMG_1285-700x300.jpg\" height=\"300\" width=\"700\" alt=\"\" class=\"slider-116 slide-144 msDefaultImage\" title=\"Theta Hintergrund\" \/><\/li>\n                <li style=\"display: none; width: 100%;\" class=\"slide-145 ms-image \" aria-roledescription=\"slide\" data-date=\"2020-08-03 14:37:18\" data-filename=\"IMG_1230-700x300.jpg\" data-slide-type=\"image\"><img loading=\"lazy\" decoding=\"async\" src=\"https:\/\/www.auf-der-theta.de\/wp-content\/uploads\/2020\/08\/IMG_1230-700x300.jpg\" height=\"300\" width=\"700\" alt=\"\" class=\"slider-116 slide-145 msDefaultImage\" title=\"IMG_1230\" \/><\/li>\n                <li style=\"display: none; width: 100%;\" class=\"slide-146 ms-image \" aria-roledescription=\"slide\" data-date=\"2020-08-03 14:37:18\" data-filename=\"IMG_1231-700x300.jpg\" data-slide-type=\"image\"><img loading=\"lazy\" decoding=\"async\" src=\"https:\/\/www.auf-der-theta.de\/wp-content\/uploads\/2020\/08\/IMG_1231-700x300.jpg\" height=\"300\" width=\"700\" alt=\"\" class=\"slider-116 slide-146 msDefaultImage\" title=\"IMG_1231\" \/><\/li>\n                <li style=\"display: none; width: 100%;\" class=\"slide-147 ms-image \" aria-roledescription=\"slide\" data-date=\"2020-08-03 14:37:18\" data-filename=\"IMG_1255-700x300.jpg\" data-slide-type=\"image\"><img loading=\"lazy\" decoding=\"async\" src=\"https:\/\/www.auf-der-theta.de\/wp-content\/uploads\/2020\/08\/IMG_1255-700x300.jpg\" height=\"300\" width=\"700\" alt=\"\" class=\"slider-116 slide-147 msDefaultImage\" title=\"IMG_1255\" \/><\/li>\n                <li style=\"display: none; width: 100%;\" class=\"slide-148 ms-image \" aria-roledescription=\"slide\" data-date=\"2020-08-03 14:37:18\" data-filename=\"IMG_1278-700x300.jpg\" data-slide-type=\"image\"><img loading=\"lazy\" decoding=\"async\" src=\"https:\/\/www.auf-der-theta.de\/wp-content\/uploads\/2020\/08\/IMG_1278-700x300.jpg\" height=\"300\" width=\"700\" alt=\"\" class=\"slider-116 slide-148 msDefaultImage\" title=\"Biergarten\" \/><\/li>\n            <\/ul>\n        <\/div>\n        \n    <\/div>\n<\/div>\n","protected":false},"excerpt":{"rendered":"<p>Hier k\u00f6nnen Sie sich wohlf\u00fchlen! In einer etwas anderen Welt &#8211; nur 3km von der Festspiel- und Universit\u00e4tstadt Bayreuth entfernt. Der ruhig gelegene Biergarten mit Gastwirtschaft Auf der Theta liegt in einem historischen Bauernhof aus dem Jahre 1827. Er wurde mit sehr viel Liebe und Auge f\u00fcrs Detail von uns renoviert. Wir f\u00fchren den Biergarten [&hellip;]<\/p>\n","protected":false},"author":1,"featured_media":0,"parent":0,"menu_order":0,"comment_status":"closed","ping_status":"closed","template":"","meta":{"footnotes":""},"class_list":["post-72","page","type-page","status-publish","hentry"],"yoast_head":"<!-- This site is optimized with the Yoast SEO plugin v25.6 - https:\/\/yoast.com\/wordpress\/plugins\/seo\/ -->\n<title>Gastst\u00e4tte und Biergarten in der N\u00e4he von Bayreuth - Auf der Theta<\/title>\n<meta name=\"description\" content=\"Auf der Theta - Gastst\u00e4tte und Biergarten.\" \/>\n<meta name=\"robots\" content=\"index, follow, max-snippet:-1, max-image-preview:large, max-video-preview:-1\" \/>\n<link rel=\"canonical\" href=\"https:\/\/www.auf-der-theta.de\/\" \/>\n<meta property=\"og:locale\" content=\"de_DE\" \/>\n<meta property=\"og:type\" content=\"article\" \/>\n<meta property=\"og:title\" content=\"Gastst\u00e4tte und Biergarten in der N\u00e4he von Bayreuth - Auf der Theta\" \/>\n<meta property=\"og:description\" content=\"Auf der Theta - Gastst\u00e4tte und Biergarten.\" \/>\n<meta property=\"og:url\" content=\"https:\/\/www.auf-der-theta.de\/\" \/>\n<meta property=\"og:site_name\" content=\"Auf der Theta\" \/>\n<meta property=\"article:publisher\" content=\"http:\/\/www.facebook.com\/pages\/category\/Beer-Garden\/Auf-der-Theta-Gasthaus-Biergarten-151072028261705\/\" \/>\n<meta property=\"article:modified_time\" content=\"2026-05-04T13:36:17+00:00\" \/>\n<meta property=\"og:image\" content=\"https:\/\/www.auf-der-theta.de\/wp-content\/uploads\/2020\/08\/Versuch3_1-1024x884.png\" \/>\n\t<meta property=\"og:image:width\" content=\"1024\" \/>\n\t<meta property=\"og:image:height\" content=\"884\" \/>\n\t<meta property=\"og:image:type\" content=\"image\/png\" \/>\n<meta name=\"twitter:card\" content=\"summary_large_image\" \/>\n<meta name=\"twitter:label1\" content=\"Gesch\u00e4tzte Lesezeit\" \/>\n\t<meta name=\"twitter:data1\" content=\"1\u00a0Minute\" \/>\n<script type=\"application\/ld+json\" class=\"yoast-schema-graph\">{\"@context\":\"https:\/\/schema.org\",\"@graph\":[{\"@type\":\"WebPage\",\"@id\":\"https:\/\/www.auf-der-theta.de\/\",\"url\":\"https:\/\/www.auf-der-theta.de\/\",\"name\":\"Gastst\u00e4tte und Biergarten in der N\u00e4he von Bayreuth - Auf der Theta\",\"isPartOf\":{\"@id\":\"https:\/\/www.auf-der-theta.de\/#website\"},\"primaryImageOfPage\":{\"@id\":\"https:\/\/www.auf-der-theta.de\/#primaryimage\"},\"image\":{\"@id\":\"https:\/\/www.auf-der-theta.de\/#primaryimage\"},\"thumbnailUrl\":\"https:\/\/www.auf-der-theta.de\/wp-content\/uploads\/2020\/08\/Versuch3_1-1024x884.png\",\"datePublished\":\"2020-07-31T10:41:10+00:00\",\"dateModified\":\"2026-05-04T13:36:17+00:00\",\"description\":\"Auf der Theta - Gastst\u00e4tte und Biergarten.\",\"breadcrumb\":{\"@id\":\"https:\/\/www.auf-der-theta.de\/#breadcrumb\"},\"inLanguage\":\"de\",\"potentialAction\":[{\"@type\":\"ReadAction\",\"target\":[\"https:\/\/www.auf-der-theta.de\/\"]}]},{\"@type\":\"ImageObject\",\"inLanguage\":\"de\",\"@id\":\"https:\/\/www.auf-der-theta.de\/#primaryimage\",\"url\":\"https:\/\/www.auf-der-theta.de\/wp-content\/uploads\/2020\/08\/Versuch3_1.png\",\"contentUrl\":\"https:\/\/www.auf-der-theta.de\/wp-content\/uploads\/2020\/08\/Versuch3_1.png\",\"width\":2000,\"height\":1726},{\"@type\":\"BreadcrumbList\",\"@id\":\"https:\/\/www.auf-der-theta.de\/#breadcrumb\",\"itemListElement\":[{\"@type\":\"ListItem\",\"position\":1,\"name\":\"Startseite\",\"item\":\"https:\/\/www.auf-der-theta.de\/\"},{\"@type\":\"ListItem\",\"position\":2,\"name\":\"Daheim\"}]},{\"@type\":\"WebSite\",\"@id\":\"https:\/\/www.auf-der-theta.de\/#website\",\"url\":\"https:\/\/www.auf-der-theta.de\/\",\"name\":\"Auf der Theta\",\"description\":\"Gasthaus und Biergarten\",\"potentialAction\":[{\"@type\":\"SearchAction\",\"target\":{\"@type\":\"EntryPoint\",\"urlTemplate\":\"https:\/\/www.auf-der-theta.de\/?s={search_term_string}\"},\"query-input\":{\"@type\":\"PropertyValueSpecification\",\"valueRequired\":true,\"valueName\":\"search_term_string\"}}],\"inLanguage\":\"de\"}]}<\/script>\n<!-- \/ Yoast SEO plugin. -->","yoast_head_json":{"title":"Gastst\u00e4tte und Biergarten in der N\u00e4he von Bayreuth - Auf der Theta","description":"Auf der Theta - Gastst\u00e4tte und Biergarten.","robots":{"index":"index","follow":"follow","max-snippet":"max-snippet:-1","max-image-preview":"max-image-preview:large","max-video-preview":"max-video-preview:-1"},"canonical":"https:\/\/www.auf-der-theta.de\/","og_locale":"de_DE","og_type":"article","og_title":"Gastst\u00e4tte und Biergarten in der N\u00e4he von Bayreuth - Auf der Theta","og_description":"Auf der Theta - Gastst\u00e4tte und Biergarten.","og_url":"https:\/\/www.auf-der-theta.de\/","og_site_name":"Auf der Theta","article_publisher":"http:\/\/www.facebook.com\/pages\/category\/Beer-Garden\/Auf-der-Theta-Gasthaus-Biergarten-151072028261705\/","article_modified_time":"2026-05-04T13:36:17+00:00","og_image":[{"width":1024,"height":884,"url":"https:\/\/www.auf-der-theta.de\/wp-content\/uploads\/2020\/08\/Versuch3_1-1024x884.png","type":"image\/png"}],"twitter_card":"summary_large_image","twitter_misc":{"Gesch\u00e4tzte Lesezeit":"1\u00a0Minute"},"schema":{"@context":"https:\/\/schema.org","@graph":[{"@type":"WebPage","@id":"https:\/\/www.auf-der-theta.de\/","url":"https:\/\/www.auf-der-theta.de\/","name":"Gastst\u00e4tte und Biergarten in der N\u00e4he von Bayreuth - Auf der Theta","isPartOf":{"@id":"https:\/\/www.auf-der-theta.de\/#website"},"primaryImageOfPage":{"@id":"https:\/\/www.auf-der-theta.de\/#primaryimage"},"image":{"@id":"https:\/\/www.auf-der-theta.de\/#primaryimage"},"thumbnailUrl":"https:\/\/www.auf-der-theta.de\/wp-content\/uploads\/2020\/08\/Versuch3_1-1024x884.png","datePublished":"2020-07-31T10:41:10+00:00","dateModified":"2026-05-04T13:36:17+00:00","description":"Auf der Theta - Gastst\u00e4tte und Biergarten.","breadcrumb":{"@id":"https:\/\/www.auf-der-theta.de\/#breadcrumb"},"inLanguage":"de","potentialAction":[{"@type":"ReadAction","target":["https:\/\/www.auf-der-theta.de\/"]}]},{"@type":"ImageObject","inLanguage":"de","@id":"https:\/\/www.auf-der-theta.de\/#primaryimage","url":"https:\/\/www.auf-der-theta.de\/wp-content\/uploads\/2020\/08\/Versuch3_1.png","contentUrl":"https:\/\/www.auf-der-theta.de\/wp-content\/uploads\/2020\/08\/Versuch3_1.png","width":2000,"height":1726},{"@type":"BreadcrumbList","@id":"https:\/\/www.auf-der-theta.de\/#breadcrumb","itemListElement":[{"@type":"ListItem","position":1,"name":"Startseite","item":"https:\/\/www.auf-der-theta.de\/"},{"@type":"ListItem","position":2,"name":"Daheim"}]},{"@type":"WebSite","@id":"https:\/\/www.auf-der-theta.de\/#website","url":"https:\/\/www.auf-der-theta.de\/","name":"Auf der Theta","description":"Gasthaus und Biergarten","potentialAction":[{"@type":"SearchAction","target":{"@type":"EntryPoint","urlTemplate":"https:\/\/www.auf-der-theta.de\/?s={search_term_string}"},"query-input":{"@type":"PropertyValueSpecification","valueRequired":true,"valueName":"search_term_string"}}],"inLanguage":"de"}]}},"jetpack_sharing_enabled":true,"_links":{"self":[{"href":"https:\/\/www.auf-der-theta.de\/index.php\/wp-json\/wp\/v2\/pages\/72"}],"collection":[{"href":"https:\/\/www.auf-der-theta.de\/index.php\/wp-json\/wp\/v2\/pages"}],"about":[{"href":"https:\/\/www.auf-der-theta.de\/index.php\/wp-json\/wp\/v2\/types\/page"}],"author":[{"embeddable":true,"href":"https:\/\/www.auf-der-theta.de\/index.php\/wp-json\/wp\/v2\/users\/1"}],"replies":[{"embeddable":true,"href":"https:\/\/www.auf-der-theta.de\/index.php\/wp-json\/wp\/v2\/comments?post=72"}],"version-history":[{"count":79,"href":"https:\/\/www.auf-der-theta.de\/index.php\/wp-json\/wp\/v2\/pages\/72\/revisions"}],"predecessor-version":[{"id":799,"href":"https:\/\/www.auf-der-theta.de\/index.php\/wp-json\/wp\/v2\/pages\/72\/revisions\/799"}],"wp:attachment":[{"href":"https:\/\/www.auf-der-theta.de\/index.php\/wp-json\/wp\/v2\/media?parent=72"}],"curies":[{"name":"wp","href":"https:\/\/api.w.org\/{rel}","templated":true}]}}